{"id":394,"date":"2021-03-03T02:25:52","date_gmt":"2021-03-03T01:25:52","guid":{"rendered":"http:\/\/www.rattaz.art\/biography\/"},"modified":"2024-11-19T11:27:18","modified_gmt":"2024-11-19T10:27:18","slug":"presentation","status":"publish","type":"page","link":"https:\/\/rattaz.art\/en\/presentation\/","title":{"rendered":"Introduction"},"content":{"rendered":"<div data-elementor-type=\"wp-page\" data-elementor-id=\"394\" class=\"elementor elementor-394\">\n\t\t\t\t\t\t<section class=\"elementor-section elementor-top-section elementor-element elementor-element-0250fef elementor-section-full_width elementor-section-height-default elementor-section-height-default\" data-id=\"0250fef\" data-element_type=\"section\" data-e-type=\"section\" data-settings=\"{&quot;background_background&quot;:&quot;gradient&quot;}\">\n\t\t\t\t\t\t<div class=\"elementor-container elementor-column-gap-default\">\n\t\t\t\t\t<div class=\"elementor-column elementor-col-100 elementor-top-column elementor-element elementor-element-fdbffad\" data-id=\"fdbffad\" data-element_type=\"column\" data-e-type=\"column\">\n\t\t\t<div class=\"elementor-widget-wrap elementor-element-populated\">\n\t\t\t\t\t\t<div class=\"elementor-element elementor-element-7cc8f59 elementor-widget elementor-widget-spacer\" data-id=\"7cc8f59\" data-element_type=\"widget\" data-e-type=\"widget\" data-widget_type=\"spacer.default\">\n\t\t\t\t<div class=\"elementor-widget-container\">\n\t\t\t\t\t\t\t<div class=\"elementor-spacer\">\n\t\t\t<div class=\"elementor-spacer-inner\"><\/div>\n\t\t<\/div>\n\t\t\t\t\t\t<\/div>\n\t\t\t\t<\/div>\n\t\t\t\t\t<\/div>\n\t\t<\/div>\n\t\t\t\t\t<\/div>\n\t\t<\/section>\n\t\t\t\t<section class=\"elementor-section elementor-top-section elementor-element elementor-element-6123d06 elementor-section-boxed elementor-section-height-default elementor-section-height-default\" data-id=\"6123d06\" data-element_type=\"section\" data-e-type=\"section\" data-settings=\"{&quot;background_background&quot;:&quot;gradient&quot;}\">\n\t\t\t\t\t\t<div class=\"elementor-container elementor-column-gap-wider\">\n\t\t\t\t\t<div class=\"elementor-column elementor-col-100 elementor-top-column elementor-element elementor-element-af063f9\" data-id=\"af063f9\" data-element_type=\"column\" data-e-type=\"column\">\n\t\t\t<div class=\"elementor-widget-wrap elementor-element-populated\">\n\t\t\t\t\t\t<section class=\"elementor-section elementor-inner-section elementor-element elementor-element-fbaaab6 elementor-section-boxed elementor-section-height-default elementor-section-height-default\" data-id=\"fbaaab6\" data-element_type=\"section\" data-e-type=\"section\">\n\t\t\t\t\t\t<div class=\"elementor-container elementor-column-gap-default\">\n\t\t\t\t\t<div class=\"elementor-column elementor-col-50 elementor-inner-column elementor-element elementor-element-7a772dd\" data-id=\"7a772dd\" data-element_type=\"column\" data-e-type=\"column\">\n\t\t\t<div class=\"elementor-widget-wrap elementor-element-populated\">\n\t\t\t\t\t\t<div class=\"elementor-element elementor-element-3e8c75f elementor-widget elementor-widget-image\" data-id=\"3e8c75f\" data-element_type=\"widget\" data-e-type=\"widget\" data-widget_type=\"image.default\">\n\t\t\t\t<div class=\"elementor-widget-container\">\n\t\t\t\t\t\t\t\t\t\t\t\t\t\t\t<img decoding=\"async\" src=\"https:\/\/v21hramweg.preview.infomaniak.website\/wp-content\/uploads\/PhotoPresentationPetit-e1630057695644.jpg\" title=\"\" alt=\"\" loading=\"lazy\" \/>\t\t\t\t\t\t\t\t\t\t\t\t\t\t\t<\/div>\n\t\t\t\t<\/div>\n\t\t\t\t\t<\/div>\n\t\t<\/div>\n\t\t\t\t<div class=\"elementor-column elementor-col-50 elementor-inner-column elementor-element elementor-element-ce77613\" data-id=\"ce77613\" data-element_type=\"column\" data-e-type=\"column\">\n\t\t\t<div class=\"elementor-widget-wrap elementor-element-populated\">\n\t\t\t\t\t\t<div class=\"elementor-element elementor-element-8047495 elementor-widget elementor-widget-text-editor\" data-id=\"8047495\" data-element_type=\"widget\" data-e-type=\"widget\" data-widget_type=\"text-editor.default\">\n\t\t\t\t<div class=\"elementor-widget-container\">\n\t\t\t\t\t\t\t\t\t<p>Trained in the art of decorative painting in Ticino and Paris and self-taught in music, the artworks of Christian Rattaz are unique!<\/p>\t\t\t\t\t\t\t\t<\/div>\n\t\t\t\t<\/div>\n\t\t\t\t<div class=\"elementor-element elementor-element-fe7b8d9 elementor-widget elementor-widget-text-editor\" data-id=\"fe7b8d9\" data-element_type=\"widget\" data-e-type=\"widget\" data-widget_type=\"text-editor.default\">\n\t\t\t\t<div class=\"elementor-widget-container\">\n\t\t\t\t\t\t\t\t\t<p>\"I searched for inspiration in the depths of my being.\"<\/p>\t\t\t\t\t\t\t\t<\/div>\n\t\t\t\t<\/div>\n\t\t\t\t\t<\/div>\n\t\t<\/div>\n\t\t\t\t\t<\/div>\n\t\t<\/section>\n\t\t\t\t\t<\/div>\n\t\t<\/div>\n\t\t\t\t\t<\/div>\n\t\t<\/section>\n\t\t\t\t<section class=\"elementor-section elementor-top-section elementor-element elementor-element-85b7403 elementor-section-boxed elementor-section-height-default elementor-section-height-default\" data-id=\"85b7403\" data-element_type=\"section\" data-e-type=\"section\" data-settings=\"{&quot;background_background&quot;:&quot;classic&quot;}\">\n\t\t\t\t\t\t<div class=\"elementor-container elementor-column-gap-wider\">\n\t\t\t\t\t<div class=\"elementor-column elementor-col-100 elementor-top-column elementor-element elementor-element-5d02d36\" data-id=\"5d02d36\" data-element_type=\"column\" data-e-type=\"column\">\n\t\t\t<div class=\"elementor-widget-wrap elementor-element-populated\">\n\t\t\t\t\t\t<section class=\"elementor-section elementor-inner-section elementor-element elementor-element-2115b04 elementor-section-boxed elementor-section-height-default elementor-section-height-default\" data-id=\"2115b04\" data-element_type=\"section\" data-e-type=\"section\">\n\t\t\t\t\t\t<div class=\"elementor-container elementor-column-gap-default\">\n\t\t\t\t\t<div class=\"elementor-column elementor-col-50 elementor-inner-column elementor-element elementor-element-90be5c9\" data-id=\"90be5c9\" data-element_type=\"column\" data-e-type=\"column\">\n\t\t\t<div class=\"elementor-widget-wrap elementor-element-populated\">\n\t\t\t\t\t\t<div class=\"elementor-element elementor-element-b3160fb elementor-widget elementor-widget-heading\" data-id=\"b3160fb\" data-element_type=\"widget\" data-e-type=\"widget\" data-widget_type=\"heading.default\">\n\t\t\t\t<div class=\"elementor-widget-container\">\n\t\t\t\t\t<h2 class=\"elementor-heading-title elementor-size-default\">Introduction<\/h2>\t\t\t\t<\/div>\n\t\t\t\t<\/div>\n\t\t\t\t<div class=\"elementor-element elementor-element-f5ae2cf elementor-widget elementor-widget-text-editor\" data-id=\"f5ae2cf\" data-element_type=\"widget\" data-e-type=\"widget\" data-widget_type=\"text-editor.default\">\n\t\t\t\t<div class=\"elementor-widget-container\">\n\t\t\t\t\t\t\t\t\t<p>Born in Lausanne in 1980, I spent my childhood in the countryside of the cantons of Vaud and Valais, my curiosity for the arts in general always burgeoning.<\/p><p>At the age of twenty, I went to Ticino, partly to trace my roots, partly to learn decorative techniques. This experience only increased my desire to learn, and I went to Paris to do the painter-decorator training of the Institut Sup\u00e9rieur de peinture d\u00e9corative. I only had one objective in mind that of opening my eyes, in a concrete way, to the world of decorative arts. This was a true learning experience, as I lived through hard times, times of doubt but also of joy. At the end of this training, I received my diploma and a prize. I had grown.<\/p><p>In 2006, on leaving Tuscany, I had a revelation\u2026 I united my two passions, that is, music and painting, so that they would combine to make one art form. I had always considered these media to be on the same wavelength, in the way they affect us. Finally, through my work, thanks to my technique, I was able to find a way to express everything I was feeling deep down inside, without limits, everything that had matured in my head over the years could eventually come out. I searched for inspiration in the depths of my being.<\/p><p>In 2010, I joined SUISA (Swiss author-composer) and Florence rewarded me at the Palazzo Vecchio by being awarded the Premio XXVIII, painting section. I was also awarded several prizes in Florence in the following years. I had the opportunity to exhibit in several places in Florence between 2010 and 2015, including the Caff\u00e8 Guibbe Rosse, a revolutionary place where illustrious predecessors passed through.<\/p><p>Encouraged and motivated by art critics, I went to New York in 2014. A gallery in Chelsea was\u2009interested in the themes I explored, the energy that comes out of my paintings and in my technique. They\u2009offered me a place to show my artwork. In 2014, I also got the opportunity to exhibit some paintings in Dubai and Abu Dhabi. Since then I have moved to the Riviera Vaudoise, taking inspiration from grandiose landscapes of this region.<\/p><p>Curious about nature, feeling at one with nature, I observe it a lot and after a while flashes come to me\u2009\u2013\u2009ideas, sounds, all these elements inspire me or remind me of shapes so that in the end I can create harmony, like when I play guitar, my second passion.<\/p><p>Music is always present during the creation of my works, and it inspires me from the beginning to the end, like a score with loud movements and quieter ones. And sometimes it completes the painting by opening a door to the fourth dimension.<\/p><p>I like to play with varying depth, for example by mixing pigments with oil or beer.<\/p><p>Blue tones attract me because they are ubiquitous, essential to life, full of symbolism and of dreamlike qualities.<\/p><p>I also appreciate the positive energy found in gold and beaten metal.<\/p><p>Through my technique my paintings can return this energy because they express themselves differently from morning to evening, thanks to the light which enlivens them.<\/p><p>With this time-consuming process I want to give the viewer keys to open their eyes and pay attention to the world around us. I also include fragments of memory (represented by drops or varying shapes). The more I observe the universe the more I realize that everything is connected.<\/p><p>Perhaps these paintings can lead you to share the same questions, or the same answers; perhaps they can help you to escape into your innermost thoughts, giving free rein to your emotion.<\/p><p>I hope so.<\/p>\t\t\t\t\t\t\t\t<\/div>\n\t\t\t\t<\/div>\n\t\t\t\t<div class=\"elementor-element elementor-element-2e2944e elementor-widget elementor-widget-image\" data-id=\"2e2944e\" data-element_type=\"widget\" data-e-type=\"widget\" data-widget_type=\"image.default\">\n\t\t\t\t<div class=\"elementor-widget-container\">\n\t\t\t\t\t\t\t\t\t\t\t\t\t\t\t<img decoding=\"async\" width=\"150\" height=\"38\" src=\"https:\/\/rattaz.art\/wp-content\/uploads\/CRlogopetitA.png\" class=\"attachment-thumbnail size-thumbnail wp-image-29693\" alt=\"\" \/>\t\t\t\t\t\t\t\t\t\t\t\t\t\t\t<\/div>\n\t\t\t\t<\/div>\n\t\t\t\t\t<\/div>\n\t\t<\/div>\n\t\t\t\t<div class=\"elementor-column elementor-col-50 elementor-inner-column elementor-element elementor-element-978ea2e\" data-id=\"978ea2e\" data-element_type=\"column\" data-e-type=\"column\">\n\t\t\t<div class=\"elementor-widget-wrap elementor-element-populated\">\n\t\t\t\t\t\t<div class=\"elementor-element elementor-element-2182f00 elementor-widget elementor-widget-heading\" data-id=\"2182f00\" data-element_type=\"widget\" data-e-type=\"widget\" data-widget_type=\"heading.default\">\n\t\t\t\t<div class=\"elementor-widget-container\">\n\t\t\t\t\t<h2 class=\"elementor-heading-title elementor-size-default\">Awards<\/h2>\t\t\t\t<\/div>\n\t\t\t\t<\/div>\n\t\t\t\t<div class=\"elementor-element elementor-element-2c6a923 elementor-position-left elementor-vertical-align-top elementor-widget elementor-widget-image-box\" data-id=\"2c6a923\" data-element_type=\"widget\" data-e-type=\"widget\" data-widget_type=\"image-box.default\">\n\t\t\t\t<div class=\"elementor-widget-container\">\n\t\t\t\t\t<div class=\"elementor-image-box-wrapper\"><figure class=\"elementor-image-box-img\"><a href=\"https:\/\/rattaz.art\/wp-content\/uploads\/prix-premio.webp\" tabindex=\"-1\"><img fetchpriority=\"high\" decoding=\"async\" width=\"210\" height=\"300\" src=\"https:\/\/rattaz.art\/wp-content\/uploads\/prix-premio-210x300.webp\" class=\"attachment-medium size-medium wp-image-30035\" alt=\"Christian Rattaz\" srcset=\"https:\/\/rattaz.art\/wp-content\/uploads\/prix-premio-210x300.webp 210w, https:\/\/rattaz.art\/wp-content\/uploads\/prix-premio-8x12.webp 8w, https:\/\/rattaz.art\/wp-content\/uploads\/prix-premio.webp 419w\" sizes=\"(max-width: 210px) 100vw, 210px\" \/><\/a><\/figure><div class=\"elementor-image-box-content\"><h3 class=\"elementor-image-box-title\"><a href=\"https:\/\/rattaz.art\/wp-content\/uploads\/prix-premio.webp\">2010<\/a><\/h3><p class=\"elementor-image-box-description\">Premio XXVIII, Florence<\/p><\/div><\/div>\t\t\t\t<\/div>\n\t\t\t\t<\/div>\n\t\t\t\t<div class=\"elementor-element elementor-element-e1bae78 elementor-position-left elementor-vertical-align-top elementor-widget elementor-widget-image-box\" data-id=\"e1bae78\" data-element_type=\"widget\" data-e-type=\"widget\" data-widget_type=\"image-box.default\">\n\t\t\t\t<div class=\"elementor-widget-container\">\n\t\t\t\t\t<div class=\"elementor-image-box-wrapper\"><figure class=\"elementor-image-box-img\"><a href=\"https:\/\/rattaz.art\/wp-content\/uploads\/prix-premio-2011.webp\" tabindex=\"-1\"><img decoding=\"async\" width=\"215\" height=\"300\" src=\"https:\/\/rattaz.art\/wp-content\/uploads\/prix-premio-2011-215x300.webp\" class=\"attachment-medium size-medium wp-image-29943\" alt=\"Christian Rattaz\" srcset=\"https:\/\/rattaz.art\/wp-content\/uploads\/prix-premio-2011-215x300.webp 215w, https:\/\/rattaz.art\/wp-content\/uploads\/prix-premio-2011-9x12.webp 9w, https:\/\/rattaz.art\/wp-content\/uploads\/prix-premio-2011.webp 429w\" sizes=\"(max-width: 215px) 100vw, 215px\" \/><\/a><\/figure><div class=\"elementor-image-box-content\"><h3 class=\"elementor-image-box-title\"><a href=\"https:\/\/rattaz.art\/wp-content\/uploads\/prix-premio-2011.webp\">2011<\/a><\/h3><p class=\"elementor-image-box-description\">Premio XXIX, Florence<\/p><\/div><\/div>\t\t\t\t<\/div>\n\t\t\t\t<\/div>\n\t\t\t\t<div class=\"elementor-element elementor-element-927b21b elementor-position-left elementor-vertical-align-top elementor-widget elementor-widget-image-box\" data-id=\"927b21b\" data-element_type=\"widget\" data-e-type=\"widget\" data-widget_type=\"image-box.default\">\n\t\t\t\t<div class=\"elementor-widget-container\">\n\t\t\t\t\t<div class=\"elementor-image-box-wrapper\"><figure class=\"elementor-image-box-img\"><a href=\"https:\/\/rattaz.art\/wp-content\/uploads\/prix-premio-2012.webp\" tabindex=\"-1\"><img loading=\"lazy\" decoding=\"async\" width=\"211\" height=\"300\" src=\"https:\/\/rattaz.art\/wp-content\/uploads\/prix-premio-2012-211x300.webp\" class=\"attachment-medium size-medium wp-image-30036\" alt=\"Christian Rattaz\" srcset=\"https:\/\/rattaz.art\/wp-content\/uploads\/prix-premio-2012-211x300.webp 211w, https:\/\/rattaz.art\/wp-content\/uploads\/prix-premio-2012-8x12.webp 8w, https:\/\/rattaz.art\/wp-content\/uploads\/prix-premio-2012.webp 421w\" sizes=\"(max-width: 211px) 100vw, 211px\" \/><\/a><\/figure><div class=\"elementor-image-box-content\"><h3 class=\"elementor-image-box-title\"><a href=\"https:\/\/rattaz.art\/wp-content\/uploads\/prix-premio-2012.webp\">2012<\/a><\/h3><p class=\"elementor-image-box-description\">Premio XXX, Florence<\/p><\/div><\/div>\t\t\t\t<\/div>\n\t\t\t\t<\/div>\n\t\t\t\t<div class=\"elementor-element elementor-element-dcab272 elementor-position-left elementor-vertical-align-top elementor-widget elementor-widget-image-box\" data-id=\"dcab272\" data-element_type=\"widget\" data-e-type=\"widget\" data-widget_type=\"image-box.default\">\n\t\t\t\t<div class=\"elementor-widget-container\">\n\t\t\t\t\t<div class=\"elementor-image-box-wrapper\"><figure class=\"elementor-image-box-img\"><a href=\"http:\/\/www.rattaz.art\/wp-content\/uploads\/Painting-International-Emerging-Artist-Award-Gallery-Web-1.pdf\" target=\"_blank\" tabindex=\"-1\"><img loading=\"lazy\" decoding=\"async\" width=\"139\" height=\"61\" src=\"https:\/\/rattaz.art\/wp-content\/uploads\/EmergingDubaiLogo.png\" class=\"attachment-medium size-medium wp-image-29738\" alt=\"\" \/><\/a><\/figure><div class=\"elementor-image-box-content\"><h3 class=\"elementor-image-box-title\"><a href=\"http:\/\/www.rattaz.art\/wp-content\/uploads\/Painting-International-Emerging-Artist-Award-Gallery-Web-1.pdf\" target=\"_blank\">2013<\/a><\/h3><p class=\"elementor-image-box-description\">Emerging Artist, Dubai<\/p><\/div><\/div>\t\t\t\t<\/div>\n\t\t\t\t<\/div>\n\t\t\t\t<div class=\"elementor-element elementor-element-b42e200 elementor-position-left elementor-vertical-align-top elementor-widget elementor-widget-image-box\" data-id=\"b42e200\" data-element_type=\"widget\" data-e-type=\"widget\" data-widget_type=\"image-box.default\">\n\t\t\t\t<div class=\"elementor-widget-container\">\n\t\t\t\t\t<div class=\"elementor-image-box-wrapper\"><figure class=\"elementor-image-box-img\"><a href=\"https:\/\/rattaz.art\/wp-content\/uploads\/prix-premio-2013.webp\" tabindex=\"-1\"><img loading=\"lazy\" decoding=\"async\" width=\"216\" height=\"300\" src=\"https:\/\/rattaz.art\/wp-content\/uploads\/prix-premio-2013-216x300.webp\" class=\"attachment-medium size-medium wp-image-29944\" alt=\"Christian Rattaz\" srcset=\"https:\/\/rattaz.art\/wp-content\/uploads\/prix-premio-2013-216x300.webp 216w, https:\/\/rattaz.art\/wp-content\/uploads\/prix-premio-2013-9x12.webp 9w, https:\/\/rattaz.art\/wp-content\/uploads\/prix-premio-2013.webp 432w\" sizes=\"(max-width: 216px) 100vw, 216px\" \/><\/a><\/figure><div class=\"elementor-image-box-content\"><h3 class=\"elementor-image-box-title\"><a href=\"https:\/\/rattaz.art\/wp-content\/uploads\/prix-premio-2013.webp\">2013<\/a><\/h3><p class=\"elementor-image-box-description\">Premio XXXI, Florence<\/p><\/div><\/div>\t\t\t\t<\/div>\n\t\t\t\t<\/div>\n\t\t\t\t<div class=\"elementor-element elementor-element-4c27bb5 elementor-position-left elementor-vertical-align-top elementor-widget elementor-widget-image-box\" data-id=\"4c27bb5\" data-element_type=\"widget\" data-e-type=\"widget\" data-widget_type=\"image-box.default\">\n\t\t\t\t<div class=\"elementor-widget-container\">\n\t\t\t\t\t<div class=\"elementor-image-box-wrapper\"><figure class=\"elementor-image-box-img\"><a href=\"https:\/\/rattaz.art\/wp-content\/uploads\/prix-premio-2015.webp\" tabindex=\"-1\"><img loading=\"lazy\" decoding=\"async\" width=\"217\" height=\"300\" src=\"https:\/\/rattaz.art\/wp-content\/uploads\/prix-premio-2015-217x300.webp\" class=\"attachment-medium size-medium wp-image-29945\" alt=\"Christian Rattaz\" srcset=\"https:\/\/rattaz.art\/wp-content\/uploads\/prix-premio-2015-217x300.webp 217w, https:\/\/rattaz.art\/wp-content\/uploads\/prix-premio-2015-9x12.webp 9w, https:\/\/rattaz.art\/wp-content\/uploads\/prix-premio-2015.webp 433w\" sizes=\"(max-width: 217px) 100vw, 217px\" \/><\/a><\/figure><div class=\"elementor-image-box-content\"><h3 class=\"elementor-image-box-title\"><a href=\"https:\/\/rattaz.art\/wp-content\/uploads\/prix-premio-2015.webp\">2015<\/a><\/h3><p class=\"elementor-image-box-description\">Premio XXXIII, Florence<\/p><\/div><\/div>\t\t\t\t<\/div>\n\t\t\t\t<\/div>\n\t\t\t\t\t<\/div>\n\t\t<\/div>\n\t\t\t\t\t<\/div>\n\t\t<\/section>\n\t\t\t\t\t<\/div>\n\t\t<\/div>\n\t\t\t\t\t<\/div>\n\t\t<\/section>\n\t\t\t\t<section class=\"elementor-section elementor-top-section elementor-element elementor-element-3995640 elementor-section-boxed elementor-section-height-default elementor-section-height-default\" data-id=\"3995640\" data-element_type=\"section\" data-e-type=\"section\" data-settings=\"{&quot;background_background&quot;:&quot;gradient&quot;}\">\n\t\t\t\t\t\t<div class=\"elementor-container elementor-column-gap-wider\">\n\t\t\t\t\t<div class=\"elementor-column elementor-col-100 elementor-top-column elementor-element elementor-element-ffb73ef\" data-id=\"ffb73ef\" data-element_type=\"column\" data-e-type=\"column\">\n\t\t\t<div class=\"elementor-widget-wrap elementor-element-populated\">\n\t\t\t\t\t\t<section class=\"elementor-section elementor-inner-section elementor-element elementor-element-47f40bb elementor-section-boxed elementor-section-height-default elementor-section-height-default\" data-id=\"47f40bb\" data-element_type=\"section\" data-e-type=\"section\">\n\t\t\t\t\t\t<div class=\"elementor-container elementor-column-gap-default\">\n\t\t\t\t\t<div class=\"elementor-column elementor-col-100 elementor-inner-column elementor-element elementor-element-21deab9\" data-id=\"21deab9\" data-element_type=\"column\" data-e-type=\"column\">\n\t\t\t<div class=\"elementor-widget-wrap\">\n\t\t\t\t\t\t\t<\/div>\n\t\t<\/div>\n\t\t\t\t\t<\/div>\n\t\t<\/section>\n\t\t\t\t<section class=\"elementor-section elementor-inner-section elementor-element elementor-element-cfa7682 elementor-section-boxed elementor-section-height-default elementor-section-height-default\" data-id=\"cfa7682\" data-element_type=\"section\" data-e-type=\"section\">\n\t\t\t\t\t\t<div class=\"elementor-container elementor-column-gap-default\">\n\t\t\t\t\t<div class=\"elementor-column elementor-col-25 elementor-inner-column elementor-element elementor-element-88cbc42\" data-id=\"88cbc42\" data-element_type=\"column\" data-e-type=\"column\">\n\t\t\t<div class=\"elementor-widget-wrap\">\n\t\t\t\t\t\t\t<\/div>\n\t\t<\/div>\n\t\t\t\t<div class=\"elementor-column elementor-col-25 elementor-inner-column elementor-element elementor-element-d0e2380\" data-id=\"d0e2380\" data-element_type=\"column\" data-e-type=\"column\">\n\t\t\t<div class=\"elementor-widget-wrap\">\n\t\t\t\t\t\t\t<\/div>\n\t\t<\/div>\n\t\t\t\t<div class=\"elementor-column elementor-col-25 elementor-inner-column elementor-element elementor-element-8647f6f\" data-id=\"8647f6f\" data-element_type=\"column\" data-e-type=\"column\">\n\t\t\t<div class=\"elementor-widget-wrap\">\n\t\t\t\t\t\t\t<\/div>\n\t\t<\/div>\n\t\t\t\t<div class=\"elementor-column elementor-col-25 elementor-inner-column elementor-element elementor-element-ce8ea2f\" data-id=\"ce8ea2f\" data-element_type=\"column\" data-e-type=\"column\">\n\t\t\t<div class=\"elementor-widget-wrap\">\n\t\t\t\t\t\t\t<\/div>\n\t\t<\/div>\n\t\t\t\t\t<\/div>\n\t\t<\/section>\n\t\t\t\t\t<\/div>\n\t\t<\/div>\n\t\t\t\t\t<\/div>\n\t\t<\/section>\n\t\t\t\t<\/div>","protected":false},"excerpt":{"rendered":"<p>Form\u00e9 \u00e0 l&rsquo;art de la peinture d\u00e9corative au Tessin et \u00e0 Paris et autodidacte en musique, les oeuvres de Christian Rattaz sont uniques ! \u00ab\u00a0Mon inspiration, je la puise au plus profond de mon \u00eatre.\u00a0\u00bb Pr\u00e9sentation N\u00e9 \u00e0 Lausanne en 1980, j\u2019ai pass\u00e9 mon enfance dans la campagne du canton de Vaud et du Valais, [&hellip;]<\/p>\n","protected":false},"author":1,"featured_media":0,"parent":0,"menu_order":0,"comment_status":"closed","ping_status":"closed","template":"","meta":{"site-sidebar-layout":"no-sidebar","site-content-layout":"page-builder","ast-site-content-layout":"default","site-content-style":"default","site-sidebar-style":"default","ast-global-header-display":"","ast-banner-title-visibility":"","ast-main-header-display":"","ast-hfb-above-header-display":"","ast-hfb-below-header-display":"","ast-hfb-mobile-header-display":"","site-post-title":"disabled","ast-breadcrumbs-content":"","ast-featured-img":"disabled","footer-sml-layout":"","ast-disable-related-posts":"","theme-transparent-header-meta":"enabled","adv-header-id-meta":"","stick-header-meta":"","header-above-stick-meta":"","header-main-stick-meta":"","header-below-stick-meta":"","astra-migrate-meta-layouts":"default","ast-page-background-enabled":"default","ast-page-background-meta":{"desktop":{"background-color":"","background-image":"","background-repeat":"repeat","background-position":"center center","background-size":"auto","background-attachment":"scroll","background-type":"","background-media":"","overlay-type":"","overlay-color":"","overlay-opacity":"","overlay-gradient":""},"tablet":{"background-color":"","background-image":"","background-repeat":"repeat","background-position":"center center","background-size":"auto","background-attachment":"scroll","background-type":"","background-media":"","overlay-type":"","overlay-color":"","overlay-opacity":"","overlay-gradient":""},"mobile":{"background-color":"","background-image":"","background-repeat":"repeat","background-position":"center center","background-size":"auto","background-attachment":"scroll","background-type":"","background-media":"","overlay-type":"","overlay-color":"","overlay-opacity":"","overlay-gradient":""}},"ast-content-background-meta":{"desktop":{"background-color":"var(--ast-global-color-5)","background-image":"","background-repeat":"repeat","background-position":"center center","background-size":"auto","background-attachment":"scroll","background-type":"","background-media":"","overlay-type":"","overlay-color":"","overlay-opacity":"","overlay-gradient":""},"tablet":{"background-color":"var(--ast-global-color-5)","background-image":"","background-repeat":"repeat","background-position":"center center","background-size":"auto","background-attachment":"scroll","background-type":"","background-media":"","overlay-type":"","overlay-color":"","overlay-opacity":"","overlay-gradient":""},"mobile":{"background-color":"var(--ast-global-color-5)","background-image":"","background-repeat":"repeat","background-position":"center center","background-size":"auto","background-attachment":"scroll","background-type":"","background-media":"","overlay-type":"","overlay-color":"","overlay-opacity":"","overlay-gradient":""}},"footnotes":""},"class_list":["post-394","page","type-page","status-publish","hentry"],"jetpack_sharing_enabled":true,"_links":{"self":[{"href":"https:\/\/rattaz.art\/en\/wp-json\/wp\/v2\/pages\/394","targetHints":{"allow":["GET"]}}],"collection":[{"href":"https:\/\/rattaz.art\/en\/wp-json\/wp\/v2\/pages"}],"about":[{"href":"https:\/\/rattaz.art\/en\/wp-json\/wp\/v2\/types\/page"}],"author":[{"embeddable":true,"href":"https:\/\/rattaz.art\/en\/wp-json\/wp\/v2\/users\/1"}],"replies":[{"embeddable":true,"href":"https:\/\/rattaz.art\/en\/wp-json\/wp\/v2\/comments?post=394"}],"version-history":[{"count":132,"href":"https:\/\/rattaz.art\/en\/wp-json\/wp\/v2\/pages\/394\/revisions"}],"predecessor-version":[{"id":30141,"href":"https:\/\/rattaz.art\/en\/wp-json\/wp\/v2\/pages\/394\/revisions\/30141"}],"wp:attachment":[{"href":"https:\/\/rattaz.art\/en\/wp-json\/wp\/v2\/media?parent=394"}],"curies":[{"name":"wp","href":"https:\/\/api.w.org\/{rel}","templated":true}]}}